{"id":77259,"date":"2023-11-09T15:28:07","date_gmt":"2023-11-09T13:28:07","guid":{"rendered":"https:\/\/shapre.fullcircle.es\/en\/?page_id=77259"},"modified":"2024-11-05T15:42:35","modified_gmt":"2024-11-05T13:42:35","slug":"sha-mexico-booking-policy","status":"publish","type":"page","link":"https:\/\/shapre.fullcircle.es\/de\/sha-mexico-booking-policy\/","title":{"rendered":"SHA Mexico Booking Policy"},"content":{"rendered":"<p class=\"qtranxs-available-languages-message qtranxs-available-languages-message-de\">Leider ist der Eintrag nur auf <a href=\"https:\/\/shapre.fullcircle.es\/en\/wp-json\/wp\/v2\/pages\/77259\" class=\"qtranxs-available-language-link qtranxs-available-language-link-en\" title=\"English\">English<\/a> und <a href=\"https:\/\/shapre.fullcircle.es\/es\/wp-json\/wp\/v2\/pages\/77259\" class=\"qtranxs-available-language-link qtranxs-available-language-link-es\" title=\"Espa\u00f1ol\">Espa\u00f1ol<\/a> verf\u00fcgbar. Der Inhalt wird in der Standard-Sprache dieser Website angezeigt. Sie k\u00f6nnen einen Link anklicken, um zu einer anderen verf\u00fcgbaren Sprache zu wechseln.<\/p><p><b>BOOKING CANCELLATION POLICY<\/b><\/p>\n<p><span style=\"font-weight: 400\">Provided that you give at least 14 days\u2019 notice, you may cancel your booking without any charge apart from a 3% administrative charge on the amount to be refunded.<\/span><\/p>\n<p><span style=\"font-weight: 400\">After this period, a charge equivalent to 50% of the services contracted during the booking process will be applied.<\/span><\/p>\n<p><span style=\"font-weight: 400\">If more than 30 days have elapsed since the deposit was charged, reimbursement can only be made by bank transfer to the account designated by the guest and a certificate of ownership of the account must be provided.<\/span><\/p>\n<p><span style=\"font-weight: 400\">We remind you that all communication must be made in writing by email to the Reservations Department for the cancellation to be effective.<\/span><\/p>\n<p><b>BOOKING MODIFICATION POLICY<\/b><\/p>\n<p><span style=\"font-weight: 400\">A booking arrival date may be changed without charge provided that it is communicated at least 7 days before the start of the booking.<\/span><\/p>\n<p><span style=\"font-weight: 400\">In the event of a change to your booking arrival date with less than 7 days notice, the following charges will apply:<\/span><\/p>\n<p><span style=\"font-weight: 400\">USD 550 per person if the new arrival date is within 48 hours before or after the original arrival date.<\/span><\/p>\n<p><span style=\"font-weight: 400\">USD 1,100 per person if the new arrival date is more than 48 hours before or after the original arrival date.<\/span><\/p>\n<p><span style=\"font-weight: 400\">If the change is communicated on the day of arrival, in addition to the charges stipulated in the previous points, the amount corresponding to the first night\u2019s stay in the suite booked will be charged. As an exception, this last charge will not be applied if the original number of nights booked is kept when changing the reservation.<\/span><\/p>\n<p><span style=\"font-weight: 400\">If the arrival date has already been changed, any subsequent cancellation will incur a cancellation charge of the full amount of the deposit already paid.<\/span><\/p>\n<p><span style=\"font-weight: 400\">In the event of early departure with respect to the initially contracted stay, 100% of the costs corresponding to the booking will be applied in full, with no refund permitted.<\/span><\/p>\n<p><b>PROGRAM OR TREATMENT CANCELLATION AND MODIFICATION POLICY<\/b><\/p>\n<p><span style=\"font-weight: 400\">The contracted program may be substituted by another program or, for repeat guests, by \u00e0 la carte treatments, up to 7 days prior to arrival without charge.<\/span><\/p>\n<p><span style=\"font-weight: 400\">Once this time limit has been exceeded, the following charges will apply:<\/span><\/p>\n<p><span style=\"font-weight: 400\">USD 350 in the event of cancellation* or substitution of 4-day programs.<\/span><\/p>\n<p><span style=\"font-weight: 400\">USD 550 in the event of cancellation* or substitution of 7-day programs.<\/span><\/p>\n<p><span style=\"font-weight: 400\">USD 800 in the event of cancellation* or substitution of programs lasting 14 days or more.<\/span><\/p>\n<p><span style=\"font-weight: 400\">Extra treatments and services contracted during the booking process may be substituted during the stay for other treatments and\/or services, but may not be canceled, except for 30% of the total amount contracted prior to arrival.<\/span><\/p>\n<p><span style=\"font-weight: 400\">*Cancellation of the program implies booking another program or, for repeat guests, full board with \u00e0 la carte treatments and\/or services.<\/span><\/p>\n<p class=\"p1\"><strong>PAYMENTS POLICY<\/strong><\/p>\n<p><img loading=\"lazy\" decoding=\"async\" class=\"aligncenter wp-image-77260 size-full\" src=\"https:\/\/shapre.fullcircle.es\/wp-content\/uploads\/2023\/11\/shamxpolicy.png\" alt=\"\" width=\"839\" height=\"241\" srcset=\"https:\/\/shapre.fullcircle.es\/wp-content\/uploads\/2023\/11\/shamxpolicy.png 839w, https:\/\/shapre.fullcircle.es\/wp-content\/uploads\/2023\/11\/shamxpolicy-300x86.png 300w, https:\/\/shapre.fullcircle.es\/wp-content\/uploads\/2023\/11\/shamxpolicy-768x221.png 768w, https:\/\/shapre.fullcircle.es\/wp-content\/uploads\/2023\/11\/shamxpolicy-24x7.png 24w, https:\/\/shapre.fullcircle.es\/wp-content\/uploads\/2023\/11\/shamxpolicy-36x10.png 36w, https:\/\/shapre.fullcircle.es\/wp-content\/uploads\/2023\/11\/shamxpolicy-48x14.png 48w, https:\/\/shapre.fullcircle.es\/wp-content\/uploads\/2023\/11\/shamxpolicy-350x100.png 350w\" sizes=\"auto, (max-width: 839px) 100vw, 839px\" \/><\/p>\n<p><span style=\"font-weight: 400\">* 100% payment is required for Royal Suite accommodation booked.<\/span><\/p>\n<p><b>TO CONFIRM YOUR BOOKING<\/b><\/p>\n<p><span style=\"font-weight: 400\">A deposit of 50% of the total amount of the booked services is required to confirm the booking. In the event that the accommodation booked is in a Royal Suite, the amount required for confirmation will be 100%.<\/span><\/p>\n<p><span style=\"font-weight: 400\">Payment of the deposit can be made by credit card via a link to a secure online payment gateway, or by making a transfer to our bank account. Should the latter be the case, the booking will only be confirmed upon receipt and verification of the transfer receipt.<\/span><\/p>\n<p><b>AT THE START OF YOUR STAY<\/b><\/p>\n<p><span style=\"font-weight: 400\">At check-in, the remaining amount of the total amount contracted will be required to be paid, and a charge will therefore be made to your credit card. The credit card provided, which must be in the guest\u2019s name, will be used to guarantee all services, treatments or products requested before and\/or during the stay at SHA Wellness Clinic, as well as the amount of any invoices that may be outstanding.<\/span><\/p>\n<p><span style=\"font-weight: 400\">If you choose to pay by bank transfer, you will be required to notify the Booking Department in advance and make the transfer in a timely way, sending the corresponding proof of payment at least 48 hours before arrival, since the payment must be received in full before check-in.<\/span><\/p>\n<p><span style=\"font-weight: 400\">Otherwise, payment by credit card, or by debit card will be required.<\/span><\/p>\n<p><span style=\"font-weight: 400\">For international transfers, 4 business days\u2019 notice is required, while 2 working days\u2019 notice is required for domestic transfers.<\/span><\/p>\n<p><span style=\"font-weight: 400\">Although payment of the full amount of the reservation is made in advance, a credit card will also be required upon arrival to guarantee any additional services or products that may be contracted during your stay.<\/span><\/p>\n<p><b>DURING THE STAY<\/b><\/p>\n<p><span style=\"font-weight: 400\">Upon arrival and after providing your credit card as a guarantee, you will be able to freely contract services and treatments up to a limit of 5,000 USD (if the stay is in Deluxe, Superior, and\/or Grand suites) or 8,000 USD (if the stay is in Presidential, Royal or SHA Residences suites), and you must clear your balance to continue contracting additional services until you reach these limits again. Please note that the account must be fully settled before check-out.<\/span><\/p>\n<p><b>CHECK-OUT<\/b><\/p>\n<p><span style=\"font-weight: 400\">Payment of the total amount due at the end of your stay may only be made by credit card or debit card.<\/span><\/p>\n<p><span style=\"font-weight: 400\">To be able to pay the outstanding amounts by bank transfer, the amounts must be received before departure, therefore, international transfers must be made 4 business days in advance, while the advance notice required is 2 business days for domestic transfers.<\/span><\/p>\n<p><span style=\"font-weight: 400\">In any event, the transfer receipt must be presented to the Guest Service department, and the deposit must be verified before departure, for the payment to be considered valid.<\/span><\/p>","protected":false},"excerpt":{"rendered":"<p>Leider ist der Eintrag nur auf English und Espa\u00f1ol verf\u00fcgbar. Der Inhalt wird in der Standard-Sprache dieser Website angezeigt. Sie k\u00f6nnen einen Link anklicken, um zu einer anderen verf\u00fcgbaren Sprache zu wechseln.BOOKING CANCELLATION POLICY Provided that you give at least 14 days\u2019 notice, you may cancel your booking without any charge apart from a 3% [&hellip;]<\/p>\n","protected":false},"author":12,"featured_media":0,"parent":0,"menu_order":0,"comment_status":"closed","ping_status":"closed","template":"","meta":{"footnotes":""},"class_list":["post-77259","page","type-page","status-publish","hentry"],"_links":{"self":[{"href":"https:\/\/shapre.fullcircle.es\/de\/wp-json\/wp\/v2\/pages\/77259","targetHints":{"allow":["GET"]}}],"collection":[{"href":"https:\/\/shapre.fullcircle.es\/de\/wp-json\/wp\/v2\/pages"}],"about":[{"href":"https:\/\/shapre.fullcircle.es\/de\/wp-json\/wp\/v2\/types\/page"}],"author":[{"embeddable":true,"href":"https:\/\/shapre.fullcircle.es\/de\/wp-json\/wp\/v2\/users\/12"}],"replies":[{"embeddable":true,"href":"https:\/\/shapre.fullcircle.es\/de\/wp-json\/wp\/v2\/comments?post=77259"}],"version-history":[{"count":3,"href":"https:\/\/shapre.fullcircle.es\/de\/wp-json\/wp\/v2\/pages\/77259\/revisions"}],"predecessor-version":[{"id":95282,"href":"https:\/\/shapre.fullcircle.es\/de\/wp-json\/wp\/v2\/pages\/77259\/revisions\/95282"}],"wp:attachment":[{"href":"https:\/\/shapre.fullcircle.es\/de\/wp-json\/wp\/v2\/media?parent=77259"}],"curies":[{"name":"wp","href":"https:\/\/api.w.org\/{rel}","templated":true}]}}