{"id":77115,"date":"2023-10-30T12:11:42","date_gmt":"2023-10-30T10:11:42","guid":{"rendered":"https:\/\/shapre.fullcircle.es\/en\/?page_id=77115"},"modified":"2023-10-30T12:20:20","modified_gmt":"2023-10-30T10:20:20","slug":"gds-access-codes","status":"publish","type":"page","link":"https:\/\/shapre.fullcircle.es\/de\/gds-zugriffscodes\/","title":{"rendered":"GDS-Zugriffscodes"},"content":{"rendered":"<p>Als Reiseprofis danken wir Ihnen von ganzem Herzen f\u00fcr Ihre unerm\u00fcdliche Unterst\u00fctzung und Ihr Engagement bei der Bereitstellung von umfangreichem Wissen, Fachwissen und h\u00f6chstem Serviceniveau f\u00fcr unsere gemeinsamen Kunden weltweit. Ihr best\u00e4ndiges Engagement zur F\u00f6rderung von Gesundheit und Wohlbefinden ist wirklich au\u00dfergew\u00f6hnlich, da es nicht nur das Wohlbefinden unserer Kunden sicherstellt, sondern auch aktiv zu ihrer allgemeinen Gesundheit, Vitalit\u00e4t und Erf\u00fcllung beitr\u00e4gt.<\/p>\n<p>F\u00fcreinebessereVerf\u00fcgbarkeitsuchenSiebittenachAufenthaltenvon 7 N\u00e4chten.<\/p>","protected":false},"excerpt":{"rendered":"<p>Als Reiseprofis danken wir Ihnen von ganzem Herzen f\u00fcr Ihre unerm\u00fcdliche Unterst\u00fctzung und Ihr Engagement bei der Bereitstellung von umfangreichem Wissen, Fachwissen und h\u00f6chstem Serviceniveau f\u00fcr unsere gemeinsamen Kunden weltweit. Ihr best\u00e4ndiges Engagement zur F\u00f6rderung von Gesundheit und Wohlbefinden ist wirklich au\u00dfergew\u00f6hnlich, da es nicht nur das Wohlbefinden unserer Kunden sicherstellt, sondern auch aktiv zu [&hellip;]<\/p>\n","protected":false},"author":12,"featured_media":77118,"parent":0,"menu_order":0,"comment_status":"closed","ping_status":"closed","template":"page-gds-access-codes.php","meta":{"footnotes":""},"class_list":["post-77115","page","type-page","status-publish","has-post-thumbnail","hentry"],"_links":{"self":[{"href":"https:\/\/shapre.fullcircle.es\/de\/wp-json\/wp\/v2\/pages\/77115","targetHints":{"allow":["GET"]}}],"collection":[{"href":"https:\/\/shapre.fullcircle.es\/de\/wp-json\/wp\/v2\/pages"}],"about":[{"href":"https:\/\/shapre.fullcircle.es\/de\/wp-json\/wp\/v2\/types\/page"}],"author":[{"embeddable":true,"href":"https:\/\/shapre.fullcircle.es\/de\/wp-json\/wp\/v2\/users\/12"}],"replies":[{"embeddable":true,"href":"https:\/\/shapre.fullcircle.es\/de\/wp-json\/wp\/v2\/comments?post=77115"}],"version-history":[{"count":3,"href":"https:\/\/shapre.fullcircle.es\/de\/wp-json\/wp\/v2\/pages\/77115\/revisions"}],"predecessor-version":[{"id":77121,"href":"https:\/\/shapre.fullcircle.es\/de\/wp-json\/wp\/v2\/pages\/77115\/revisions\/77121"}],"wp:featuredmedia":[{"embeddable":true,"href":"https:\/\/shapre.fullcircle.es\/de\/wp-json\/wp\/v2\/media\/77118"}],"wp:attachment":[{"href":"https:\/\/shapre.fullcircle.es\/de\/wp-json\/wp\/v2\/media?parent=77115"}],"curies":[{"name":"wp","href":"https:\/\/api.w.org\/{rel}","templated":true}]}}