{"id":67121,"date":"2021-04-04T11:08:55","date_gmt":"2021-04-04T11:08:55","guid":{"rendered":"https:\/\/shapre.fullcircle.es\/es\/?page_id=67121"},"modified":"2024-09-24T09:57:19","modified_gmt":"2024-09-24T07:57:19","slug":"locations","status":"publish","type":"page","link":"https:\/\/shapre.fullcircle.es\/de\/locations\/","title":{"rendered":"SHA-Standorte"},"content":{"rendered":"<p class=\"qtranxs-available-languages-message qtranxs-available-languages-message-de\">Leider ist der Eintrag nur auf <a href=\"https:\/\/shapre.fullcircle.es\/es\/wp-json\/wp\/v2\/pages\/67121\" class=\"qtranxs-available-language-link qtranxs-available-language-link-es\" title=\"Espa\u00f1ol\">Espa\u00f1ol<\/a> verf\u00fcgbar. Der Inhalt wird unten in einer verf\u00fcgbaren Sprache angezeigt. Klicken Sie auf den Link, um die aktuelle Sprache zu \u00e4ndern.<\/p><p>&nbsp;<\/p>\n<p>&nbsp;<\/p>","protected":false},"excerpt":{"rendered":"<p>Leider ist der Eintrag nur auf Espa\u00f1ol verf\u00fcgbar. Der Inhalt wird unten in einer verf\u00fcgbaren Sprache angezeigt. Klicken Sie auf den Link, um die aktuelle Sprache zu \u00e4ndern.&nbsp; &nbsp;<\/p>\n","protected":false},"author":12,"featured_media":68911,"parent":0,"menu_order":0,"comment_status":"closed","ping_status":"closed","template":"page-locations-selector.php","meta":{"footnotes":""},"class_list":["post-67121","page","type-page","status-publish","has-post-thumbnail","hentry"],"_links":{"self":[{"href":"https:\/\/shapre.fullcircle.es\/de\/wp-json\/wp\/v2\/pages\/67121","targetHints":{"allow":["GET"]}}],"collection":[{"href":"https:\/\/shapre.fullcircle.es\/de\/wp-json\/wp\/v2\/pages"}],"about":[{"href":"https:\/\/shapre.fullcircle.es\/de\/wp-json\/wp\/v2\/types\/page"}],"author":[{"embeddable":true,"href":"https:\/\/shapre.fullcircle.es\/de\/wp-json\/wp\/v2\/users\/12"}],"replies":[{"embeddable":true,"href":"https:\/\/shapre.fullcircle.es\/de\/wp-json\/wp\/v2\/comments?post=67121"}],"version-history":[{"count":1,"href":"https:\/\/shapre.fullcircle.es\/de\/wp-json\/wp\/v2\/pages\/67121\/revisions"}],"predecessor-version":[{"id":91422,"href":"https:\/\/shapre.fullcircle.es\/de\/wp-json\/wp\/v2\/pages\/67121\/revisions\/91422"}],"wp:featuredmedia":[{"embeddable":true,"href":"https:\/\/shapre.fullcircle.es\/de\/wp-json\/wp\/v2\/media\/68911"}],"wp:attachment":[{"href":"https:\/\/shapre.fullcircle.es\/de\/wp-json\/wp\/v2\/media?parent=67121"}],"curies":[{"name":"wp","href":"https:\/\/api.w.org\/{rel}","templated":true}]}}