{"id":39,"date":"2017-03-28T08:42:27","date_gmt":"2017-03-28T08:42:27","guid":{"rendered":"http:\/\/sha.crepes.work\/?page_id=39"},"modified":"2024-10-04T09:00:42","modified_gmt":"2024-10-04T07:00:42","slug":"sha-privileged","status":"publish","type":"page","link":"https:\/\/shapre.fullcircle.es\/de\/sha-privileged\/","title":{"rendered":"SHA Privileged"},"content":{"rendered":"<p>Wenn Sie weitere Informationen \u00fcber das Programm SHA Privileged erhalten, Ihren Status oder Ihre Kategorie abfragen sowie Ihre Vorteile einsehen m\u00f6chten, haben Sie folgende M\u00f6glichkeiten:<\/p>\n<p>Per E-Mail an <a href=\"mailto:shaprivileged@shawellness.com\">shaprivileged@shawellness.com<\/a><\/p>\n<p>&nbsp;<\/p>","protected":false},"excerpt":{"rendered":"<p>Wenn Sie weitere Informationen \u00fcber das Programm SHA Privileged erhalten, Ihren Status oder Ihre Kategorie abfragen sowie Ihre Vorteile einsehen m\u00f6chten, haben Sie folgende M\u00f6glichkeiten: Per E-Mail an shaprivileged@shawellness.com &nbsp;<\/p>\n","protected":false},"author":10,"featured_media":76380,"parent":0,"menu_order":0,"comment_status":"closed","ping_status":"closed","template":"page-privileged.php","meta":{"footnotes":""},"class_list":["post-39","page","type-page","status-publish","has-post-thumbnail","hentry"],"_links":{"self":[{"href":"https:\/\/shapre.fullcircle.es\/de\/wp-json\/wp\/v2\/pages\/39","targetHints":{"allow":["GET"]}}],"collection":[{"href":"https:\/\/shapre.fullcircle.es\/de\/wp-json\/wp\/v2\/pages"}],"about":[{"href":"https:\/\/shapre.fullcircle.es\/de\/wp-json\/wp\/v2\/types\/page"}],"author":[{"embeddable":true,"href":"https:\/\/shapre.fullcircle.es\/de\/wp-json\/wp\/v2\/users\/10"}],"replies":[{"embeddable":true,"href":"https:\/\/shapre.fullcircle.es\/de\/wp-json\/wp\/v2\/comments?post=39"}],"version-history":[{"count":10,"href":"https:\/\/shapre.fullcircle.es\/de\/wp-json\/wp\/v2\/pages\/39\/revisions"}],"predecessor-version":[{"id":92501,"href":"https:\/\/shapre.fullcircle.es\/de\/wp-json\/wp\/v2\/pages\/39\/revisions\/92501"}],"wp:featuredmedia":[{"embeddable":true,"href":"https:\/\/shapre.fullcircle.es\/de\/wp-json\/wp\/v2\/media\/76380"}],"wp:attachment":[{"href":"https:\/\/shapre.fullcircle.es\/de\/wp-json\/wp\/v2\/media?parent=39"}],"curies":[{"name":"wp","href":"https:\/\/api.w.org\/{rel}","templated":true}]}}