{"id":36040,"date":"2018-05-24T11:44:38","date_gmt":"2018-05-24T11:44:38","guid":{"rendered":"https:\/\/shapre.fullcircle.es\/es\/?page_id=36040"},"modified":"2024-11-05T23:02:05","modified_gmt":"2024-11-05T21:02:05","slug":"cookies-policy","status":"publish","type":"page","link":"https:\/\/shapre.fullcircle.es\/de\/cookie-richtlinie\/","title":{"rendered":"Cookie-richtlinie"},"content":{"rendered":"<p><\/p>\n<h2>DEFINITION und allgemeine Funktion von COOKIES<\/h2>\n<p>Cookies sind Kennungen, die wir \u00fcber Ihren Webbrowser an die Festplatte Ihres Computers senden, damit unsere Systeme Ihren Browser erkennen und Ihnen bestimmte Dienste anbieten k\u00f6nnen.<\/p>\n<p>Diese Technologien k\u00f6nnen im Allgemeinen f\u00fcr viele verschiedene Zwecke verwendet werden, z.\u00a0B. um Sie als Benutzer zu erkennen, Informationen \u00fcber Ihre Surfgewohnheiten zu erhalten oder die Art und Weise, in der Inhalte angezeigt werden, zu personalisieren.<\/p>\n<p>Diese Website verwendet verschiedene Arten von Cookies. Einige Cookies werden von Diensten Dritter gesetzt, die auf unseren Seiten vorkommen. In einigen F\u00e4llen haben Sie bei der Nutzung einer Google-Suchmaschine m\u00f6glicherweise deren eigene Cookies akzeptiert. Diese Google-Cookies werden auch dann installiert, wenn Sie unsere eigenen Cookies und\/oder Cookies von Dritten nicht akzeptiert haben.<\/p>\n<p>Im Folgenden werden die von der folgenden Website verwendeten Cookies aufgef\u00fchrt: https:\/\/shapre.fullcircle.es\/es\/#<\/p>\n<h2>VERWENDETE COOKIES<\/h2>\n<h3>Erforderliche Cookies<\/h3>\n<p>Erforderliche Cookies helfen bei der Nutzung einer Website, indem sie grundlegende Funktionen wie die Seitennavigation und den Zugang zu sicheren Bereichen der Website erm\u00f6glichen. Ohne diese Cookies kann die Website nicht richtig funktionieren.<\/p>\n<table width=\"97%\">\n<tbody>\n<tr>\n<td width=\"14%\">Name<\/td>\n<td width=\"23%\">Anbieter<\/td>\n<td width=\"24%\">Zweck<\/td>\n<td width=\"37%\">Ablauf<\/td>\n<\/tr>\n<tr>\n<td width=\"14%\">cookie-agreed<\/td>\n<td width=\"23%\">&nbsp;<\/td>\n<td width=\"24%\">Zum Beispiel, um zu erfahren, ob der Benutzer die Cookie-Warnung akzeptiert hat.<\/td>\n<td width=\"37%\">3 Monate<\/td>\n<\/tr>\n<tr>\n<td width=\"14%\">AWSALB<\/td>\n<td width=\"23%\">trustedsite.com<\/td>\n<td width=\"24%\">Optimierung des Besuchererlebnisses auf der Website<\/td>\n<td width=\"37%\">6 Tage.<\/td>\n<\/tr>\n<tr>\n<td width=\"14%\">AWSALBCORS<\/td>\n<td width=\"23%\">trustedsite.com<\/td>\n<td width=\"24%\">Optimierung des Besuchererlebnisses auf der Website<\/td>\n<td width=\"37%\">6 Tage.<\/td>\n<\/tr>\n<tr>\n<td width=\"14%\">trustedsite_visit<\/td>\n<td width=\"23%\">&nbsp;<\/td>\n<td width=\"24%\">Erforderliches Cookie, um die Anmeldung zu gew\u00e4hrleisten und um Spam zu erkennen.<\/td>\n<td width=\"37%\">1 Tag.<\/td>\n<\/tr>\n<tr>\n<td width=\"124\">cookielawinfo-checkbox-non-necessary<\/td>\n<td width=\"204\">Eigen<\/td>\n<td width=\"213\">Speichert, ob der Benutzer Cookies abgelehnt hat.<\/td>\n<td width=\"328\">1 Jahr<\/td>\n<\/tr>\n<tr>\n<td width=\"124\">cookielawinfo-checkbox-necessary<\/td>\n<td width=\"204\">Eigen<\/td>\n<td width=\"213\">Speichert, ob der Benutzer Cookies angenommen hat.<\/td>\n<td width=\"328\">1 Jahr<\/td>\n<\/tr>\n<tr>\n<td width=\"124\">woocommerce_cart_hash<\/td>\n<td width=\"204\">Eigen<\/td>\n<td width=\"213\">\u00dcberpr\u00fcft, ob es im Warenkorb \u00c4nderungen gibt.<\/td>\n<td width=\"328\">Sitzung<\/td>\n<\/tr>\n<tr>\n<td width=\"124\">woocommerce_items_in_cart<\/td>\n<td width=\"204\">Eigen<\/td>\n<td width=\"213\">\u00dcberpr\u00fcft, ob es im Warenkorb \u00c4nderungen gibt.<\/td>\n<td width=\"328\">Sitzung<\/td>\n<\/tr>\n<tr>\n<td width=\"124\">wp_woocommerce_session_<\/td>\n<td width=\"204\">Eigen<\/td>\n<td width=\"213\">Kennung des Kunden<\/td>\n<td width=\"328\">2 Tage<\/td>\n<\/tr>\n<\/tbody>\n<\/table>\n<h3>Pr\u00e4ferenz-Cookies<\/h3>\n<p>Dank der Pr\u00e4ferenz-Cookies kann sich die Website Informationen merken, die das Verhalten oder Aussehen der Website ver\u00e4ndern, z.\u00a0B. Ihre bevorzugte Sprache oder die Region, in der Sie sich befinden.<\/p>\n<table width=\"97%\">\n<tbody>\n<tr>\n<td width=\"14%\">Name<\/td>\n<td width=\"23%\">Anbieter<\/td>\n<td width=\"24%\">Zweck<\/td>\n<td width=\"37%\">Ablauf<\/td>\n<\/tr>\n<tr>\n<td width=\"14%\">SID, SAPISID, APISID<\/td>\n<td width=\"23%\">Google<\/td>\n<td width=\"24%\">Benutzerpr\u00e4ferenzen bei der Navigation.<\/td>\n<td width=\"37%\">2 Jahre<\/td>\n<\/tr>\n<tr>\n<td width=\"14%\">&nbsp;<\/td>\n<td width=\"23%\">&nbsp;<\/td>\n<td width=\"24%\">&nbsp;<\/td>\n<td width=\"37%\">&nbsp;<\/td>\n<\/tr>\n<\/tbody>\n<\/table>\n<h3>Statistische Cookies<\/h3>\n<p>Statistische Cookies helfen den Betreibern von Websites zu verstehen, wie Besucher mit Websites interagieren, indem sie Informationen in anonymer Form sammeln und bereitstellen.<\/p>\n<p>Zur Deaktivierung von Google Analytics-Cookies k\u00f6nnen Sie das Google Analytics Opt-out Browser Add-on installieren, mit dem Sie den Empfang statistischer Informationen ablehnen k\u00f6nnen. Es ist unter dem folgenden Link verf\u00fcgbar: <a href=\"https:\/\/tools.google.com\/dlpage\/gaoptout?hl=es\">https:\/\/tools.google.com\/dlpage\/gaoptout?hl=es<\/a><\/p>\n<p>&nbsp;<\/p>\n<table width=\"97%\">\n<tbody>\n<tr>\n<td width=\"14%\">Name<\/td>\n<td width=\"23%\">Anbieter<\/td>\n<td width=\"24%\">Zweck<\/td>\n<td width=\"37%\">Ablauf<\/td>\n<\/tr>\n<tr>\n<td width=\"14%\">_ga<\/td>\n<td width=\"23%\">Google Analytics<\/td>\n<td width=\"24%\">Es zeichnet eine eindeutige ID auf, die zur Erstellung von statistischen Daten dar\u00fcber verwendet wird, wie der Besucher die Website nutzt.<\/td>\n<td width=\"37%\">2 Jahre<\/td>\n<\/tr>\n<tr>\n<td width=\"14%\">_gid<\/td>\n<td width=\"23%\">Google Analytics<\/td>\n<td width=\"24%\">Es zeichnet eine eindeutige ID auf, die verwendet wird, um statistische Daten \u00fcber die Nutzung der Website durch den Besucher zu erstellen.<\/td>\n<td width=\"37%\">1 Tag<\/td>\n<\/tr>\n<tr>\n<td width=\"14%\">_gat<\/td>\n<td width=\"23%\">Google Analytics<\/td>\n<td width=\"24%\">Dient zur Begrenzung des Anteils der Anfragen<\/td>\n<td width=\"37%\">Sitzungs-Cookie<\/td>\n<\/tr>\n<tr>\n<td width=\"124\">_utm-gif<\/td>\n<td width=\"204\">Google Analytics<\/td>\n<td width=\"213\">Bestimmt die Art des Ger\u00e4ts oder der Browsersoftware, die der Besucher verwendet, so dass die Website entsprechend gestaltet werden kann.<\/td>\n<td width=\"328\">Sitzung<\/td>\n<\/tr>\n<tr>\n<td width=\"124\">_utma<\/td>\n<td width=\"204\">Google Analytics<\/td>\n<td width=\"213\">Sammelt Daten dar\u00fcber, wie oft sich der Benutzer auf der Website angemeldet hat.<\/p>\n<p>&nbsp;<\/td>\n<td width=\"328\">2 Jahre<\/p>\n<p>&nbsp;<\/td>\n<\/tr>\n<tr>\n<td width=\"124\">_utmb<\/td>\n<td width=\"204\">Google Analytics<\/td>\n<td width=\"213\">Zeichnet den genauen Zeitpunkt auf, zu dem der Besucher auf die Website zugreift.<\/td>\n<td width=\"328\">1 Tag<\/td>\n<\/tr>\n<tr>\n<td width=\"124\">__utmc<\/td>\n<td width=\"204\">Google Analytics<\/td>\n<td width=\"213\">Zeichnet den genauen Zeitpunkt auf, zu dem der Besucher auf die Website zugreift.<\/td>\n<td width=\"328\">Sitzungs-Cookie<\/p>\n<p>&nbsp;<\/td>\n<\/tr>\n<tr>\n<td width=\"124\">__utmt<\/td>\n<td width=\"204\">Google Analytics<\/td>\n<td width=\"213\">Bewertet die Reaktionsgeschwindigkeit des Servers.<\/td>\n<td width=\"328\">1 Tag<\/td>\n<\/tr>\n<tr>\n<td width=\"124\">__utmz<\/td>\n<td width=\"204\">Google Analytics<\/td>\n<td width=\"213\">Sammelt Informationen dar\u00fcber, woher Sie kommen, was Sie suchen, usw.<\/td>\n<td width=\"328\">6 Monate<\/td>\n<\/tr>\n<tr>\n<td width=\"124\">yt-player-headers-readable<\/td>\n<td width=\"204\">youtube.com<\/td>\n<td width=\"213\">Bestimmt die optimale Videoqualit\u00e4t.<\/td>\n<td width=\"328\">Sitzung<\/td>\n<\/tr>\n<tr>\n<td width=\"124\">SSID, HSID, NID<\/td>\n<td width=\"204\">Google<\/td>\n<td width=\"213\">Statistik der Nutzer, die die Karten verwenden.<\/td>\n<td width=\"328\">6 Monate<\/td>\n<\/tr>\n<tr>\n<td width=\"124\">SEARCH_SAMESITE<\/td>\n<td width=\"204\">Google<\/td>\n<td width=\"213\">Gew\u00e4hrleistet, dass Cookies nicht ohne Zustimmung an andere Dritte weitergegeben werden.<\/td>\n<td width=\"328\">6 Monate<\/td>\n<\/tr>\n<\/tbody>\n<\/table>\n<h3>Marketing-Cookies<\/h3>\n<p>Marketing-Cookies werden zur Verfolgung von Besuchern auf Websites verwendet. Dadurch sollen Anzeigen geschaltet werden, die f\u00fcr den einzelnen Nutzer relevant und ansprechend sind und daher f\u00fcr Publisher und Drittanbieter wertvoller sind.<\/p>\n<p>&nbsp;<\/p>\n<table width=\"97%\">\n<tbody>\n<tr>\n<td width=\"14%\"><strong>Name<\/strong><\/td>\n<td width=\"23%\"><strong>Anbieter<\/strong><\/td>\n<td width=\"24%\"><strong>Zweck<\/strong><\/td>\n<td width=\"37%\"><strong>Ablauf<\/strong><\/td>\n<\/tr>\n<tr>\n<td width=\"14%\">_fbp<\/td>\n<td width=\"23%\">&nbsp;<\/td>\n<td width=\"24%\">Wird von Facebook verwendet, um eine Reihe von Werbeprodukten wie Echtzeitgebote von Drittanbietern anzubieten.<\/td>\n<td width=\"37%\">3 Monate<\/td>\n<\/tr>\n<tr>\n<td width=\"14%\">ads\/ga-audiences<\/td>\n<td width=\"23%\">google.com<\/td>\n<td width=\"24%\">Wird von Google AdWords verwendet, um Besucher, die wahrscheinlich zu Kunden werden, wieder anzusprechen.<\/td>\n<td width=\"37%\">Sitzung<\/td>\n<\/tr>\n<tr>\n<td width=\"14%\">fr<\/td>\n<td width=\"23%\">facebook.com<\/td>\n<td width=\"24%\">Wird von Facebook verwendet, um eine Reihe von Werbeprodukten wie Echtzeitgebote von Drittanbietern anzubieten.<\/td>\n<td width=\"37%\">3 Monate<\/td>\n<\/tr>\n<tr>\n<td width=\"14%\">IDE<\/td>\n<td width=\"23%\">doubleclick.net<\/td>\n<td width=\"24%\">Wird von Google DoubleClick verwendet, um die Aktionen der Nutzer auf der Website aufzuzeichnen und zu melden, nachdem sie eine der Anzeigen des Werbetreibenden gesehen oder angeklickt haben, um die Effektivit\u00e4t zu messen.<\/td>\n<td width=\"37%\">1 Jahr<\/td>\n<\/tr>\n<tr>\n<td width=\"14%\">test_cookie<\/td>\n<td width=\"23%\">doubleclick.net<\/td>\n<td width=\"24%\">Wird verwendet, um zu pr\u00fcfen, ob der Browser des Benutzers Cookies unterst\u00fctzt.<\/td>\n<td width=\"37%\">1 Tag<\/td>\n<\/tr>\n<tr>\n<td width=\"14%\">tr<\/td>\n<td width=\"23%\">facebook.com<\/td>\n<td width=\"24%\">Wird von Facebook verwendet, um eine Reihe von Werbeprodukten wie Echtzeitgebote von Drittanbietern anzubieten.<\/td>\n<td width=\"37%\">Sitzung<\/td>\n<\/tr>\n<tr>\n<td width=\"124\">GPS<\/td>\n<td width=\"204\">Youtube.com<\/td>\n<td width=\"213\">Registriert eine eindeutige ID auf mobilen Ger\u00e4ten, um die GPS-Ortung zu erm\u00f6glichen.<\/td>\n<td width=\"328\">1 Tag<\/td>\n<\/tr>\n<tr>\n<td width=\"124\">VISITOR_INFO1_LIVE<\/td>\n<td width=\"204\">Youtube.com<\/td>\n<td width=\"213\">Versucht, die Benutzer-Bandbreite auf Seiten mit eingebetteten YouTube-Videos zu berechnen.<\/td>\n<td width=\"328\">179 Tage<\/td>\n<\/tr>\n<tr>\n<td width=\"124\">YSC<\/td>\n<td width=\"204\">Youtube.com<\/td>\n<td width=\"213\">Zeichnet eine eindeutige ID auf, um Statistiken dar\u00fcber zu f\u00fchren, welche YouTube-Videos der Benutzer angesehen hat.<\/td>\n<td width=\"328\">Sitzung<\/td>\n<\/tr>\n<tr>\n<td width=\"124\">Yt-remote-cast-installed<\/td>\n<td width=\"204\">Youtube.com<\/td>\n<td width=\"213\">Zeichnet die Einstellungen des Benutzers f\u00fcr den Videoplayer auf, wenn er eingebettete YouTube-Videos betrachtet.<\/td>\n<td width=\"328\">Sitzung<\/td>\n<\/tr>\n<tr>\n<td width=\"124\">Yt-remote-connected-devices<\/td>\n<td width=\"204\">Youtube.com<\/td>\n<td width=\"213\">Zeichnet die Einstellungen des Benutzers f\u00fcr den Videoplayer auf, wenn er eingebettete YouTube-Videos betrachtet.<\/td>\n<td width=\"328\">Sitzung<\/td>\n<\/tr>\n<tr>\n<td width=\"124\">Yt-remote-device-id<\/td>\n<td width=\"204\">Youtube.com<\/td>\n<td width=\"213\">Zeichnet die Einstellungen des Benutzers f\u00fcr den Videoplayer auf, wenn er eingebettete YouTube-Videos betrachtet.<\/td>\n<td width=\"328\">Sitzung<\/td>\n<\/tr>\n<tr>\n<td width=\"124\">Yt-remote-fast-check-period<\/td>\n<td width=\"204\">Youtube.com<\/td>\n<td width=\"213\">Zeichnet die Einstellungen des Benutzers f\u00fcr den Videoplayer auf, wenn er eingebettete YouTube-Videos betrachtet.<\/td>\n<td width=\"328\">Sitzung<\/td>\n<\/tr>\n<tr>\n<td width=\"124\">Yt-remote-session-app<\/td>\n<td width=\"204\">Youtube.com<\/td>\n<td width=\"213\">Zeichnet die Einstellungen des Benutzers f\u00fcr den Videoplayer auf, wenn er eingebettete YouTube-Videos betrachtet.<\/td>\n<td width=\"328\">Sitzung<\/td>\n<\/tr>\n<tr>\n<td width=\"124\">Yt-remote-session-name<\/td>\n<td width=\"204\">Youtube.com<\/td>\n<td width=\"213\">Zeichnet die Einstellungen des Benutzers f\u00fcr den Videoplayer auf, wenn er eingebettete YouTube-Videos betrachtet.<\/td>\n<td width=\"328\">Sitzung<\/td>\n<\/tr>\n<tr>\n<td width=\"124\">1P_JAR<\/td>\n<td width=\"204\">Google<\/td>\n<td width=\"213\">Personalisierung der Werbung entsprechend den Interessen des Nutzers.<\/td>\n<td width=\"328\">1 Monat<\/td>\n<\/tr>\n<tr>\n<td width=\"124\">CONSENT<\/td>\n<td width=\"204\">Google<\/td>\n<td width=\"213\">Erinnert daran, Cookies zu akzeptieren.<\/td>\n<td width=\"328\">Sitzung<\/td>\n<\/tr>\n<tr>\n<td width=\"124\">SIDCC<\/td>\n<td width=\"204\">Google<\/td>\n<td width=\"213\">Extrahiert anonyme Surfinformationen.<\/td>\n<td width=\"328\">2 Jahre<\/td>\n<\/tr>\n<tr>\n<td width=\"124\">DV<\/td>\n<td width=\"204\">Google<\/td>\n<td width=\"213\">Extrahiert anonyme Surfinformationen.<\/td>\n<td width=\"328\">24 Stunden<\/td>\n<\/tr>\n<tr>\n<td width=\"124\">OTZ, NID<\/td>\n<td width=\"204\">Google<\/td>\n<td width=\"213\">Personalisierung der Werbung entsprechend den Interessen des Nutzers.<\/td>\n<td width=\"328\">6 Monate<\/td>\n<\/tr>\n<\/tbody>\n<\/table>\n<p>&nbsp;<\/p>\n<h2>So aktivieren\/deaktivieren Sie Cookies in den wichtigsten Browsern:<\/h2>\n<p>In der Regel kann die Annahme von Browser-Cookies oder die Annahme von Cookies eines bestimmten Dienstes eingestellt werden.<\/p>\n<p>Alle modernen Browser lassen die \u00c4nderung der Cookie-Einstellungen zu. Diese Einstellungen befinden sich normalerweise im Men\u00fc \u201eOptionen\u201c oder \u201cEinstellungen\u201c Ihres Browsers. Sie k\u00f6nnen auch Ihren Browser oder Ihren E-Mail-Manager konfigurieren.<\/p>\n<p>Nachfolgend erfahren Sie, wie Sie in den wichtigsten Browsern auf das Konfigurationsmen\u00fc f\u00fcr Cookies und ggf. Private Browsing zugreifen k\u00f6nnen:<\/p>\n<p><strong>Internet Explorer:<\/strong> Extras -&gt; Internetoptionen -&gt; Datenschutz -&gt; Einstellungen. Weitere Informationen erhalten Sie beim <a href=\"http:\/\/windows.microsoft.com\/es-ES\/windows\/support\">Microsoft-Support<\/a> oder in der Browser-Hilfe.<\/p>\n<p><strong>Firefox:<\/strong> Extras -&gt; Optionen -&gt; Datenschutz -&gt; Verlauf -&gt; Benutzerdefinierte Einstellungen. Weitere Informationen erhalten Sie beim <a href=\"http:\/\/support.mozilla.org\/es\/home\">Mozilla-Support<\/a> oder in der Browser-Hilfe.<\/p>\n<p><strong>Chrome:<\/strong> Einstellungen -&gt; Erweiterte Optionen anzeigen -&gt; Datenschutz -&gt; Inhaltseinstellungen. Weitere Informationen erhalten Sie beim <a href=\"http:\/\/support.google.com\/chrome\/?hl=es\">Google-Support<\/a> oder in der Browser-Hilfe.<\/p>\n<p><strong>Safari:<\/strong> Einstellungen -&gt; Sicherheit. Weitere Informationen erhalten Sie beim <a href=\"http:\/\/www.apple.com\/es\/support\/safari\/\">Apple-Support<\/a> oder in der Browser-Hilfe.<\/p>\n<h3>Was passiert, wenn ich Cookies deaktiviere?<\/h3>\n<p>Einige Funktionen der Dienste werden deaktiviert, wie z.B. die M\u00f6glichkeit, angemeldet zu bleiben, die Programme im Warenkorb zu behalten, usw.<\/p>\n<p>&nbsp;<\/p>\n<p>&nbsp;<\/p>\n<p>&nbsp;<\/p>\n<p>&nbsp;<\/p>\n<p>&nbsp;<\/p>\n<h2><\/h2>\n<p>&nbsp;<\/p>","protected":false},"excerpt":{"rendered":"<p>DEFINITION und allgemeine Funktion von COOKIES Cookies sind Kennungen, die wir \u00fcber Ihren Webbrowser an die Festplatte Ihres Computers senden, damit unsere Systeme Ihren Browser erkennen und Ihnen bestimmte Dienste anbieten k\u00f6nnen. Diese Technologien k\u00f6nnen im Allgemeinen f\u00fcr viele verschiedene Zwecke verwendet werden, z.\u00a0B. um Sie als Benutzer zu erkennen, Informationen \u00fcber Ihre Surfgewohnheiten zu [&hellip;]<\/p>\n","protected":false},"author":10,"featured_media":0,"parent":0,"menu_order":0,"comment_status":"closed","ping_status":"closed","template":"","meta":{"footnotes":""},"class_list":["post-36040","page","type-page","status-publish","hentry"],"_links":{"self":[{"href":"https:\/\/shapre.fullcircle.es\/de\/wp-json\/wp\/v2\/pages\/36040","targetHints":{"allow":["GET"]}}],"collection":[{"href":"https:\/\/shapre.fullcircle.es\/de\/wp-json\/wp\/v2\/pages"}],"about":[{"href":"https:\/\/shapre.fullcircle.es\/de\/wp-json\/wp\/v2\/types\/page"}],"author":[{"embeddable":true,"href":"https:\/\/shapre.fullcircle.es\/de\/wp-json\/wp\/v2\/users\/10"}],"replies":[{"embeddable":true,"href":"https:\/\/shapre.fullcircle.es\/de\/wp-json\/wp\/v2\/comments?post=36040"}],"version-history":[{"count":9,"href":"https:\/\/shapre.fullcircle.es\/de\/wp-json\/wp\/v2\/pages\/36040\/revisions"}],"predecessor-version":[{"id":95317,"href":"https:\/\/shapre.fullcircle.es\/de\/wp-json\/wp\/v2\/pages\/36040\/revisions\/95317"}],"wp:attachment":[{"href":"https:\/\/shapre.fullcircle.es\/de\/wp-json\/wp\/v2\/media?parent=36040"}],"curies":[{"name":"wp","href":"https:\/\/api.w.org\/{rel}","templated":true}]}}